{"id":1078,"date":"2025-11-21T11:02:24","date_gmt":"2025-11-21T11:02:24","guid":{"rendered":"https:\/\/marko2.al\/?page_id=1078"},"modified":"2025-11-21T11:13:24","modified_gmt":"2025-11-21T11:13:24","slug":"san-nicolas-resort-residences","status":"publish","type":"page","link":"https:\/\/marko2.al\/index.php\/san-nicolas-resort-residences\/","title":{"rendered":"SAN NICOLAS RESORT &#038; RESIDENCES"},"content":{"rendered":"<div class=\"wpb-content-wrapper\"><p>[vc_row][vc_column width=&#8221;1\/2&#8243;][vc_custom_heading text=&#8221;SAN NICOLAS RESORT &amp; RESIDENCES&#8221; font_container=&#8221;tag:h2|font_size:20|text_align:left|color:%23333333&#8243; google_fonts=&#8221;font_family:Open%20Sans%3A300%2C300italic%2Cregular%2Citalic%2C600%2C600italic%2C700%2C700italic%2C800%2C800italic|font_style:400%20regular%3A400%3Anormal&#8221; css=&#8221;&#8221;][vc_custom_heading text=&#8221;SAN NICOLAS RESORT &amp; RESIDENCES\u201d ndodhet n\u00eb bregdetin shqiptar, n\u00eb nj\u00eb zon\u00eb unike dhe elitare, vet\u00ebm 150 m larg detit, n\u00eb plazhin e mrekulluesh\u00ebm t\u00eb detit Jon. Me nj\u00eb vendndodhje fantastike dhe nj\u00eb pamje shum\u00eb t\u00eb bukur, e b\u00ebn at\u00eb nj\u00eb nga vendet ideale p\u00ebr t\u00eb jetuar sh\u00ebndetsh\u00ebm, n\u00eb privat\u00ebsi, n\u00eb gjelb\u00ebrim, n\u00eb aj\u00ebr t\u00eb past\u00ebr dhe pran\u00eb freskis\u00eb s\u00eb detit.&#8221; font_container=&#8221;tag:p|text_align:left|color:%23333333&#8243; google_fonts=&#8221;font_family:Open%20Sans%3A300%2C300italic%2Cregular%2Citalic%2C600%2C600italic%2C700%2C700italic%2C800%2C800italic|font_style:400%20regular%3A400%3Anormal&#8221; css=&#8221;&#8221;][vc_empty_space height=&#8221;12px&#8221;][vc_btn title=&#8221;Pune e Realizuar&#8221; style=&#8221;custom&#8221; custom_background=&#8221;#dd9933&#8243; custom_text=&#8221;#ffffff&#8221; shape=&#8221;square&#8221; align=&#8221;center&#8221; css=&#8221;&#8221; button_block=&#8221;true&#8221;][vc_custom_heading text=&#8221;Shoqeria jone \u00ebshte pjes\u00eb e k\u00ebtij projekti si n\u00ebnkontraktor per punimet e muratures, punimet e brendshme dhe fasadat per ndertimin e 32 vilave.&#8221; font_container=&#8221;tag:p|text_align:left|color:%23333333&#8243; google_fonts=&#8221;font_family:Open%20Sans%3A300%2C300italic%2Cregular%2Citalic%2C600%2C600italic%2C700%2C700italic%2C800%2C800italic|font_style:400%20regular%3A400%3Anormal&#8221; css=&#8221;&#8221;][vc_media_grid element_width=&#8221;3&#8243; css=&#8221;&#8221; grid_id=&#8221;vc_gid:1763723451780-7607b046-883a-4&#8243; include=&#8221;1087,1085,1083,1091&#8243;][vc_btn title=&#8221;Kthehu pas&#8221; style=&#8221;outline-custom&#8221; outline_custom_color=&#8221;#dd8500&#8243; outline_custom_hover_background=&#8221;#dd8500&#8243; outline_custom_hover_text=&#8221;#ffffff&#8221; align=&#8221;left&#8221; i_icon_fontawesome=&#8221;fa fa-arrow-left&#8221; add_icon=&#8221;true&#8221; link=&#8221;url:https%3A%2F%2Fmarko2.al%2Findex.php%2Fprojekte%2F|title:PROJEKTE||&#8221;][\/vc_column][vc_column width=&#8221;1\/2&#8243;][vc_single_image image=&#8221;1081&#8243; img_size=&#8221;full&#8221; alignment=&#8221;center&#8221; css=&#8221;&#8221; image_hovers=&#8221;false&#8221;][\/vc_column][\/vc_row]<\/p>\n<\/div>","protected":false},"excerpt":{"rendered":"<p>[vc_row][vc_column width=&#8221;1\/2&#8243;][vc_custom_heading text=&#8221;SAN NICOLAS RESORT &amp; RESIDENCES&#8221; font_container=&#8221;tag:h2|font_size:20|text_align:left|color:%23333333&#8243; google_fonts=&#8221;font_family:Open%20Sans%3A300%2C300italic%2Cregular%2Citalic%2C600%2C600italic%2C700%2C700italic%2C800%2C800italic|font_style:400%20regular%3A400%3Anormal&#8221; css=&#8221;&#8221;][vc_custom_heading text=&#8221;SAN NICOLAS RESORT &amp; RESIDENCES\u201d ndodhet n\u00eb bregdetin shqiptar, n\u00eb nj\u00eb zon\u00eb unike dhe elitare, vet\u00ebm 150 m larg detit, n\u00eb plazhin e mrekulluesh\u00ebm t\u00eb detit Jon. Me nj\u00eb vendndodhje fantastike dhe nj\u00eb pamje shum\u00eb t\u00eb bukur, e b\u00ebn at\u00eb nj\u00eb nga vendet ideale p\u00ebr&hellip;<\/p>\n","protected":false},"author":1,"featured_media":0,"parent":0,"menu_order":0,"comment_status":"closed","ping_status":"closed","template":"","meta":{"footnotes":""},"class_list":["post-1078","page","type-page","status-publish","hentry","description-off"],"_links":{"self":[{"href":"https:\/\/marko2.al\/index.php\/wp-json\/wp\/v2\/pages\/1078","targetHints":{"allow":["GET"]}}],"collection":[{"href":"https:\/\/marko2.al\/index.php\/wp-json\/wp\/v2\/pages"}],"about":[{"href":"https:\/\/marko2.al\/index.php\/wp-json\/wp\/v2\/types\/page"}],"author":[{"embeddable":true,"href":"https:\/\/marko2.al\/index.php\/wp-json\/wp\/v2\/users\/1"}],"replies":[{"embeddable":true,"href":"https:\/\/marko2.al\/index.php\/wp-json\/wp\/v2\/comments?post=1078"}],"version-history":[{"count":4,"href":"https:\/\/marko2.al\/index.php\/wp-json\/wp\/v2\/pages\/1078\/revisions"}],"predecessor-version":[{"id":1094,"href":"https:\/\/marko2.al\/index.php\/wp-json\/wp\/v2\/pages\/1078\/revisions\/1094"}],"wp:attachment":[{"href":"https:\/\/marko2.al\/index.php\/wp-json\/wp\/v2\/media?parent=1078"}],"curies":[{"name":"wp","href":"https:\/\/api.w.org\/{rel}","templated":true}]}}