{"id":111,"date":"2019-07-05T13:22:56","date_gmt":"2019-07-05T13:22:56","guid":{"rendered":"https:\/\/marko2.al\/?page_id=111"},"modified":"2019-07-05T15:44:58","modified_gmt":"2019-07-05T15:44:58","slug":"katedralja-ringjallja-e-krishtit","status":"publish","type":"page","link":"https:\/\/marko2.al\/index.php\/katedralja-ringjallja-e-krishtit\/","title":{"rendered":"KATEDRALJA &#8220;RINGJALLJA E KRISHTIT&#8221;"},"content":{"rendered":"<div class=\"wpb-content-wrapper\"><p>[vc_row][vc_column width=&#8221;1\/2&#8243;][vc_custom_heading text=&#8221;KATEDRALJA &#8220;RINGJALLJA E KRISHTIT&#8220;&#8221; font_container=&#8221;tag:h2|font_size:20|text_align:left|color:%23333333&#8243; google_fonts=&#8221;font_family:Open%20Sans%3A300%2C300italic%2Cregular%2Citalic%2C600%2C600italic%2C700%2C700italic%2C800%2C800italic|font_style:400%20regular%3A400%3Anormal&#8221;][vc_custom_heading text=&#8221;Katedralja \u201cRingjallja e Krishtit\u201d ndodhet n\u00eb Qend\u00ebr  t\u00eb  Tiran\u00ebs. \u00cbsht\u00eb Katedralja e tret\u00eb me e madhe ortodokse n\u00eb Ballkan. Kompleksi i Katedrales p\u00ebrfshin k\u00ebto struktura: Katedralen, Kish\u00ebn e Lindjes s\u00eb Jezusit, K\u00ebmbanen, Q\u00ebndrimin e Sinodit t\u00eb Shenjt\u00eb, Qendr\u00ebn Kulturore, Nj\u00eb librari, dy kupolat e tjera, dhe nj\u00eb muzeum i vog\u00ebl. Kubeja e Katedrales \u00ebsht\u00eb 32.2 metra i lart\u00eb, nd\u00ebrsa kulla e k\u00ebmban\u00ebs arrin 46 metra. Q\u00eb kur \u00ebsht\u00eb nd\u00ebrtuar \u00ebsht\u00eb b\u00ebr\u00eb nj\u00eb atraksion turistik.&#8221; font_container=&#8221;tag:p|text_align:left|color:%23333333&#8243; google_fonts=&#8221;font_family:Open%20Sans%3A300%2C300italic%2Cregular%2Citalic%2C600%2C600italic%2C700%2C700italic%2C800%2C800italic|font_style:400%20regular%3A400%3Anormal&#8221;][vc_empty_space height=&#8221;12px&#8221;][vc_btn title=&#8221;Puna e Realizuar&#8221; style=&#8221;custom&#8221; custom_background=&#8221;#dd9933&#8243; custom_text=&#8221;#ffffff&#8221; shape=&#8221;square&#8221; align=&#8221;center&#8221; button_block=&#8221;true&#8221;][vc_custom_heading text=&#8221;Shoqeria jone \u00ebshte pjes\u00eb e k\u00ebtij projekti si n\u00ebnkontraktor per punimet e brendshme dhe fasadat.&#8221; font_container=&#8221;tag:p|text_align:left|color:%23333333&#8243; google_fonts=&#8221;font_family:Open%20Sans%3A300%2C300italic%2Cregular%2Citalic%2C600%2C600italic%2C700%2C700italic%2C800%2C800italic|font_style:600%20bold%20regular%3A600%3Anormal&#8221;][\/vc_column][vc_column width=&#8221;1\/2&#8243;][vc_single_image image=&#8221;116&#8243; img_size=&#8221;full&#8221; alignment=&#8221;center&#8221; image_hovers=&#8221;false&#8221;][\/vc_column][\/vc_row][vc_row][vc_column][vc_media_grid element_width=&#8221;3&#8243; grid_id=&#8221;vc_gid:1562341428819-24292f9f-f32c-0&#8243; include=&#8221;125,128,121,129,118,124,123,122,120,130,132,133,131,119,126,127&#8243;][vc_btn title=&#8221;Kthehu pas&#8221; style=&#8221;outline-custom&#8221; outline_custom_color=&#8221;#dd8500&#8243; outline_custom_hover_background=&#8221;#dd8500&#8243; outline_custom_hover_text=&#8221;#ffffff&#8221; align=&#8221;left&#8221; i_icon_fontawesome=&#8221;fa fa-arrow-left&#8221; add_icon=&#8221;true&#8221; link=&#8221;url:%2Findex.php%2Fprojekte%2F|title:PROJEKTE||&#8221;][\/vc_column][\/vc_row]<\/p>\n<\/div>","protected":false},"excerpt":{"rendered":"<p>[vc_row][vc_column width=&#8221;1\/2&#8243;][vc_custom_heading text=&#8221;KATEDRALJA &#8220;RINGJALLJA E KRISHTIT&#8220;&#8221; font_container=&#8221;tag:h2|font_size:20|text_align:left|color:%23333333&#8243; google_fonts=&#8221;font_family:Open%20Sans%3A300%2C300italic%2Cregular%2Citalic%2C600%2C600italic%2C700%2C700italic%2C800%2C800italic|font_style:400%20regular%3A400%3Anormal&#8221;][vc_custom_heading text=&#8221;Katedralja \u201cRingjallja e Krishtit\u201d ndodhet n\u00eb Qend\u00ebr t\u00eb Tiran\u00ebs. \u00cbsht\u00eb Katedralja e tret\u00eb me e madhe ortodokse n\u00eb Ballkan. Kompleksi i Katedrales p\u00ebrfshin k\u00ebto struktura: Katedralen, Kish\u00ebn e Lindjes s\u00eb Jezusit, K\u00ebmbanen, Q\u00ebndrimin e Sinodit t\u00eb Shenjt\u00eb, Qendr\u00ebn Kulturore, Nj\u00eb librari, dy kupolat e tjera, dhe nj\u00eb&hellip;<\/p>\n","protected":false},"author":1,"featured_media":0,"parent":0,"menu_order":0,"comment_status":"closed","ping_status":"closed","template":"","meta":{"footnotes":""},"class_list":["post-111","page","type-page","status-publish","hentry","description-off"],"_links":{"self":[{"href":"https:\/\/marko2.al\/index.php\/wp-json\/wp\/v2\/pages\/111","targetHints":{"allow":["GET"]}}],"collection":[{"href":"https:\/\/marko2.al\/index.php\/wp-json\/wp\/v2\/pages"}],"about":[{"href":"https:\/\/marko2.al\/index.php\/wp-json\/wp\/v2\/types\/page"}],"author":[{"embeddable":true,"href":"https:\/\/marko2.al\/index.php\/wp-json\/wp\/v2\/users\/1"}],"replies":[{"embeddable":true,"href":"https:\/\/marko2.al\/index.php\/wp-json\/wp\/v2\/comments?post=111"}],"version-history":[{"count":8,"href":"https:\/\/marko2.al\/index.php\/wp-json\/wp\/v2\/pages\/111\/revisions"}],"predecessor-version":[{"id":777,"href":"https:\/\/marko2.al\/index.php\/wp-json\/wp\/v2\/pages\/111\/revisions\/777"}],"wp:attachment":[{"href":"https:\/\/marko2.al\/index.php\/wp-json\/wp\/v2\/media?parent=111"}],"curies":[{"name":"wp","href":"https:\/\/api.w.org\/{rel}","templated":true}]}}