{"id":18,"date":"2019-07-05T12:24:55","date_gmt":"2019-07-05T12:24:55","guid":{"rendered":"https:\/\/marko2.al\/?page_id=18"},"modified":"2019-07-05T12:25:06","modified_gmt":"2019-07-05T12:25:06","slug":"te-reja","status":"publish","type":"page","link":"https:\/\/marko2.al\/index.php\/te-reja\/","title":{"rendered":"TE REJA"},"content":{"rendered":"<div class=\"wpb-content-wrapper\"><p>[vc_row][vc_column width=&#8221;1\/2&#8243;][vc_single_image image=&#8221;19&#8243; img_size=&#8221;full&#8221; alignment=&#8221;center&#8221; image_hovers=&#8221;false&#8221;][\/vc_column][vc_column width=&#8221;1\/2&#8243;][vc_empty_space height=&#8221;42px&#8221;][vc_custom_heading text=&#8221;Mir\u00ebsevini n\u00eb websitin ton\u00eb&#8221; font_container=&#8221;tag:h2|text_align:left|color:%23f8860f&#8221; google_fonts=&#8221;font_family:Roboto%3A100%2C100italic%2C300%2C300italic%2Cregular%2Citalic%2C500%2C500italic%2C700%2C700italic%2C900%2C900italic|font_style:500%20bold%20regular%3A500%3Anormal&#8221;][vc_row_inner][vc_column_inner width=&#8221;5\/6&#8243;][vc_column_text]<\/p>\n<p style=\"text-align: justify;\"><span style=\"color: #333333;\">\u201cMarko2\u201f \u00ebsht\u00eb nj\u00eb shoq\u00ebri nd\u00ebrtimi me nj\u00eb reputacion t\u00eb gj\u00ebr\u00eb dhe t\u00eb shk\u00eblqyer, t\u00eb nd\u00ebrtuar mbi vlera ekselence dhe integriteti t\u00eb testuara n\u00eb koh\u00eb, e fokusuar kryesisht tek nd\u00ebrtimet e vilave, hoteleve dhe rezidencave t\u00eb banimit. Ju prezantojm\u00eb websitin ton\u00eb m\u00eb t\u00eb ri n\u00eb t\u00eb cilin mund t\u00eb shikoni m\u00eb teper rreth sh\u00ebrbimeve q\u00eb ne ofrojm\u00eb dhe t\u00eb na kontaktoni p\u00ebr \u00e7do pyetje ose nevoj\u00eb q\u00eb mund t\u00eb keni p\u00ebr bashk\u00ebpunim.<\/span><\/p>\n<p>[\/vc_column_text][\/vc_column_inner][vc_column_inner width=&#8221;1\/6&#8243;][\/vc_column_inner][\/vc_row_inner][\/vc_column][\/vc_row]<\/p>\n<\/div>","protected":false},"excerpt":{"rendered":"<p>[vc_row][vc_column width=&#8221;1\/2&#8243;][vc_single_image image=&#8221;19&#8243; img_size=&#8221;full&#8221; alignment=&#8221;center&#8221; image_hovers=&#8221;false&#8221;][\/vc_column][vc_column width=&#8221;1\/2&#8243;][vc_empty_space height=&#8221;42px&#8221;][vc_custom_heading text=&#8221;Mir\u00ebsevini n\u00eb websitin ton\u00eb&#8221; font_container=&#8221;tag:h2|text_align:left|color:%23f8860f&#8221; google_fonts=&#8221;font_family:Roboto%3A100%2C100italic%2C300%2C300italic%2Cregular%2Citalic%2C500%2C500italic%2C700%2C700italic%2C900%2C900italic|font_style:500%20bold%20regular%3A500%3Anormal&#8221;][vc_row_inner][vc_column_inner width=&#8221;5\/6&#8243;][vc_column_text] \u201cMarko2\u201f \u00ebsht\u00eb nj\u00eb shoq\u00ebri nd\u00ebrtimi me nj\u00eb reputacion t\u00eb gj\u00ebr\u00eb dhe t\u00eb shk\u00eblqyer, t\u00eb nd\u00ebrtuar mbi vlera ekselence dhe integriteti t\u00eb testuara n\u00eb koh\u00eb, e fokusuar kryesisht tek nd\u00ebrtimet e vilave, hoteleve dhe rezidencave t\u00eb banimit. Ju prezantojm\u00eb websitin ton\u00eb&hellip;<\/p>\n","protected":false},"author":1,"featured_media":0,"parent":0,"menu_order":0,"comment_status":"closed","ping_status":"closed","template":"","meta":{"footnotes":""},"class_list":["post-18","page","type-page","status-publish","hentry","description-off"],"_links":{"self":[{"href":"https:\/\/marko2.al\/index.php\/wp-json\/wp\/v2\/pages\/18","targetHints":{"allow":["GET"]}}],"collection":[{"href":"https:\/\/marko2.al\/index.php\/wp-json\/wp\/v2\/pages"}],"about":[{"href":"https:\/\/marko2.al\/index.php\/wp-json\/wp\/v2\/types\/page"}],"author":[{"embeddable":true,"href":"https:\/\/marko2.al\/index.php\/wp-json\/wp\/v2\/users\/1"}],"replies":[{"embeddable":true,"href":"https:\/\/marko2.al\/index.php\/wp-json\/wp\/v2\/comments?post=18"}],"version-history":[{"count":5,"href":"https:\/\/marko2.al\/index.php\/wp-json\/wp\/v2\/pages\/18\/revisions"}],"predecessor-version":[{"id":31,"href":"https:\/\/marko2.al\/index.php\/wp-json\/wp\/v2\/pages\/18\/revisions\/31"}],"wp:attachment":[{"href":"https:\/\/marko2.al\/index.php\/wp-json\/wp\/v2\/media?parent=18"}],"curies":[{"name":"wp","href":"https:\/\/api.w.org\/{rel}","templated":true}]}}