{"id":219,"date":"2019-07-05T13:58:01","date_gmt":"2019-07-05T13:58:01","guid":{"rendered":"https:\/\/marko2.al\/?page_id=219"},"modified":"2022-11-18T10:12:48","modified_gmt":"2022-11-18T10:12:48","slug":"prestige-resort","status":"publish","type":"page","link":"https:\/\/marko2.al\/index.php\/prestige-resort\/","title":{"rendered":"PRESTIGE RESORT"},"content":{"rendered":"<div class=\"wpb-content-wrapper\"><p>[vc_row][vc_column width=&#8221;1\/2&#8243;][vc_custom_heading text=&#8221;PRESTIGE RESORT&#8221; font_container=&#8221;tag:h2|font_size:20|text_align:left|color:%23333333&#8243; google_fonts=&#8221;font_family:Open%20Sans%3A300%2C300italic%2Cregular%2Citalic%2C600%2C600italic%2C700%2C700italic%2C800%2C800italic|font_style:400%20regular%3A400%3Anormal&#8221;][vc_custom_heading text=&#8221;Kompleksi i vilave ndodhet ne Golem, Kavaje, me standarte t\u00eb larta arkitektonike dhe estetike. Ai \u00ebsht\u00eb i p\u00ebrb\u00ebr\u00eb nga 12 vila nj\u00eb-kat\u00ebshe dhe 5 godina tre-kat\u00ebshe.&#8221; font_container=&#8221;tag:p|text_align:left|color:%23333333&#8243; google_fonts=&#8221;font_family:Open%20Sans%3A300%2C300italic%2Cregular%2Citalic%2C600%2C600italic%2C700%2C700italic%2C800%2C800italic|font_style:400%20regular%3A400%3Anormal&#8221;][vc_empty_space height=&#8221;12px&#8221;][vc_btn title=&#8221;Puna e Realizuar&#8221; style=&#8221;custom&#8221; custom_background=&#8221;#dd9933&#8243; custom_text=&#8221;#ffffff&#8221; shape=&#8221;square&#8221; align=&#8221;center&#8221; button_block=&#8221;true&#8221;][vc_custom_heading text=&#8221;Shoqeria jone \u00ebshte pjes\u00eb e k\u00ebtij projekti si n\u00ebnkontraktor per punimet e brendshme dhe fasadat.&#8221; font_container=&#8221;tag:p|text_align:left|color:%23333333&#8243; google_fonts=&#8221;font_family:Open%20Sans%3A300%2C300italic%2Cregular%2Citalic%2C600%2C600italic%2C700%2C700italic%2C800%2C800italic|font_style:600%20bold%20regular%3A600%3Anormal&#8221;][\/vc_column][vc_column width=&#8221;1\/2&#8243;][vc_single_image image=&#8221;233&#8243; img_size=&#8221;full&#8221; alignment=&#8221;center&#8221; image_hovers=&#8221;false&#8221;][\/vc_column][\/vc_row][vc_row][vc_column][vc_media_grid element_width=&#8221;2&#8243; grid_id=&#8221;vc_gid:1668766315246-983e1bef-2e14-0&#8243; include=&#8221;228,229,230,231,232,233,234,235,236,237,238,239&#8243;][vc_btn title=&#8221;Kthehu pas&#8221; style=&#8221;outline-custom&#8221; outline_custom_color=&#8221;#dd8500&#8243; outline_custom_hover_background=&#8221;#dd8500&#8243; outline_custom_hover_text=&#8221;#ffffff&#8221; align=&#8221;left&#8221; i_icon_fontawesome=&#8221;fa fa-arrow-left&#8221; add_icon=&#8221;true&#8221; link=&#8221;url:%2Findex.php%2Fprojekte%2F|title:PROJEKTE||&#8221;][\/vc_column][\/vc_row]<\/p>\n<\/div>","protected":false},"excerpt":{"rendered":"<p>[vc_row][vc_column width=&#8221;1\/2&#8243;][vc_custom_heading text=&#8221;PRESTIGE RESORT&#8221; font_container=&#8221;tag:h2|font_size:20|text_align:left|color:%23333333&#8243; google_fonts=&#8221;font_family:Open%20Sans%3A300%2C300italic%2Cregular%2Citalic%2C600%2C600italic%2C700%2C700italic%2C800%2C800italic|font_style:400%20regular%3A400%3Anormal&#8221;][vc_custom_heading text=&#8221;Kompleksi i vilave ndodhet ne Golem, Kavaje, me standarte t\u00eb larta arkitektonike dhe estetike. Ai \u00ebsht\u00eb i p\u00ebrb\u00ebr\u00eb nga 12 vila nj\u00eb-kat\u00ebshe dhe 5 godina tre-kat\u00ebshe.&#8221; font_container=&#8221;tag:p|text_align:left|color:%23333333&#8243; google_fonts=&#8221;font_family:Open%20Sans%3A300%2C300italic%2Cregular%2Citalic%2C600%2C600italic%2C700%2C700italic%2C800%2C800italic|font_style:400%20regular%3A400%3Anormal&#8221;][vc_empty_space height=&#8221;12px&#8221;][vc_btn title=&#8221;Puna e Realizuar&#8221; style=&#8221;custom&#8221; custom_background=&#8221;#dd9933&#8243; custom_text=&#8221;#ffffff&#8221; shape=&#8221;square&#8221; align=&#8221;center&#8221; button_block=&#8221;true&#8221;][vc_custom_heading text=&#8221;Shoqeria jone \u00ebshte pjes\u00eb e k\u00ebtij projekti si n\u00ebnkontraktor per punimet&hellip;<\/p>\n","protected":false},"author":1,"featured_media":0,"parent":0,"menu_order":0,"comment_status":"closed","ping_status":"closed","template":"","meta":{"footnotes":""},"class_list":["post-219","page","type-page","status-publish","hentry","description-off"],"_links":{"self":[{"href":"https:\/\/marko2.al\/index.php\/wp-json\/wp\/v2\/pages\/219","targetHints":{"allow":["GET"]}}],"collection":[{"href":"https:\/\/marko2.al\/index.php\/wp-json\/wp\/v2\/pages"}],"about":[{"href":"https:\/\/marko2.al\/index.php\/wp-json\/wp\/v2\/types\/page"}],"author":[{"embeddable":true,"href":"https:\/\/marko2.al\/index.php\/wp-json\/wp\/v2\/users\/1"}],"replies":[{"embeddable":true,"href":"https:\/\/marko2.al\/index.php\/wp-json\/wp\/v2\/comments?post=219"}],"version-history":[{"count":4,"href":"https:\/\/marko2.al\/index.php\/wp-json\/wp\/v2\/pages\/219\/revisions"}],"predecessor-version":[{"id":858,"href":"https:\/\/marko2.al\/index.php\/wp-json\/wp\/v2\/pages\/219\/revisions\/858"}],"wp:attachment":[{"href":"https:\/\/marko2.al\/index.php\/wp-json\/wp\/v2\/media?parent=219"}],"curies":[{"name":"wp","href":"https:\/\/api.w.org\/{rel}","templated":true}]}}