{"id":344,"date":"2019-07-05T14:26:37","date_gmt":"2019-07-05T14:26:37","guid":{"rendered":"https:\/\/marko2.al\/?page_id=344"},"modified":"2025-11-21T13:27:10","modified_gmt":"2025-11-21T13:27:10","slug":"stone-village","status":"publish","type":"page","link":"https:\/\/marko2.al\/index.php\/stone-village\/","title":{"rendered":"STONE VILLAGE"},"content":{"rendered":"<div class=\"wpb-content-wrapper\"><p>[vc_row][vc_column width=&#8221;1\/2&#8243;][vc_custom_heading text=&#8221;STONE VILLAGE&#8221; font_container=&#8221;tag:h2|font_size:20|text_align:left|color:%23333333&#8243; google_fonts=&#8221;font_family:Open%20Sans%3A300%2C300italic%2Cregular%2Citalic%2C600%2C600italic%2C700%2C700italic%2C800%2C800italic|font_style:400%20regular%3A400%3Anormal&#8221;][vc_custom_heading text=&#8221;\u201cStone Village\u201d \u00ebsht\u00eb nj\u00eb kompleks rezidencial e turistik i pozicionuar pak metra mbi plazhin e mrekulluesh\u00ebm t\u00eb Drimadhes. Vilat jan\u00eb vendosur n\u00eb nj\u00eb nga kodrat m\u00eb piktoreske t\u00eb zon\u00ebs n\u00eb nj\u00eb sip\u00ebrfaqe t\u00eb p\u00ebrgjithshme nd\u00ebrtimi prej 10.000 m\u00b2.&#8221; font_container=&#8221;tag:p|text_align:left|color:%23333333&#8243; google_fonts=&#8221;font_family:Open%20Sans%3A300%2C300italic%2Cregular%2Citalic%2C600%2C600italic%2C700%2C700italic%2C800%2C800italic|font_style:400%20regular%3A400%3Anormal&#8221;][vc_empty_space height=&#8221;12px&#8221;][vc_btn title=&#8221;Puna e Realizuar&#8221; style=&#8221;custom&#8221; custom_background=&#8221;#dd9933&#8243; custom_text=&#8221;#ffffff&#8221; shape=&#8221;square&#8221; align=&#8221;center&#8221; css=&#8221;&#8221; button_block=&#8221;true&#8221;][vc_custom_heading text=&#8221;Shoq\u00ebria jon\u00eb \u00ebsht\u00eb n\u00eb rolin e investitorit n\u00eb k\u00ebt\u00eb projekt, ashtu sikurse \u00ebsht\u00eb kontraktuar p\u00ebr t\u00eb gjith\u00eb procesin e nd\u00ebrtimit. \u201cStone Village\u201d do t\u00eb shnd\u00ebrrohet n\u00eb destinacionin kryesor turistik t\u00eb individ\u00ebve dhe familjeve q\u00eb d\u00ebshirojn\u00eb t\u00eb shijojn\u00eb natyr\u00ebn por edhe k\u00ebrkojn\u00eb siguri, cil\u00ebsi nd\u00ebrtimi dhe infrastruktur\u00eb.&#8221; font_container=&#8221;tag:p|text_align:left|color:%23333333&#8243; google_fonts=&#8221;font_family:Open%20Sans%3A300%2C300italic%2Cregular%2Citalic%2C600%2C600italic%2C700%2C700italic%2C800%2C800italic|font_style:600%20bold%20regular%3A600%3Anormal&#8221;][\/vc_column][vc_column width=&#8221;1\/2&#8243;][vc_single_image image=&#8221;346&#8243; img_size=&#8221;full&#8221; alignment=&#8221;center&#8221; image_hovers=&#8221;false&#8221;][\/vc_column][\/vc_row][vc_row][vc_column][vc_media_grid element_width=&#8221;2&#8243; grid_id=&#8221;vc_gid:1763731599622-ee9ee7eb-93db-4&#8243; include=&#8221;358,357,356,355,354,353&#8243;][vc_btn title=&#8221;Kthehu pas&#8221; style=&#8221;outline-custom&#8221; outline_custom_color=&#8221;#dd8500&#8243; outline_custom_hover_background=&#8221;#dd8500&#8243; outline_custom_hover_text=&#8221;#ffffff&#8221; align=&#8221;left&#8221; i_icon_fontawesome=&#8221;fa fa-arrow-left&#8221; add_icon=&#8221;true&#8221; link=&#8221;url:%2Findex.php%2Fprojekte%2F|title:PROJEKTE||&#8221;][\/vc_column][\/vc_row]<\/p>\n<\/div>","protected":false},"excerpt":{"rendered":"<p>[vc_row][vc_column width=&#8221;1\/2&#8243;][vc_custom_heading text=&#8221;STONE VILLAGE&#8221; font_container=&#8221;tag:h2|font_size:20|text_align:left|color:%23333333&#8243; google_fonts=&#8221;font_family:Open%20Sans%3A300%2C300italic%2Cregular%2Citalic%2C600%2C600italic%2C700%2C700italic%2C800%2C800italic|font_style:400%20regular%3A400%3Anormal&#8221;][vc_custom_heading text=&#8221;\u201cStone Village\u201d \u00ebsht\u00eb nj\u00eb kompleks rezidencial e turistik i pozicionuar pak metra mbi plazhin e mrekulluesh\u00ebm t\u00eb Drimadhes. Vilat jan\u00eb vendosur n\u00eb nj\u00eb nga kodrat m\u00eb piktoreske t\u00eb zon\u00ebs n\u00eb nj\u00eb sip\u00ebrfaqe t\u00eb p\u00ebrgjithshme nd\u00ebrtimi prej 10.000 m\u00b2.&#8221; font_container=&#8221;tag:p|text_align:left|color:%23333333&#8243; google_fonts=&#8221;font_family:Open%20Sans%3A300%2C300italic%2Cregular%2Citalic%2C600%2C600italic%2C700%2C700italic%2C800%2C800italic|font_style:400%20regular%3A400%3Anormal&#8221;][vc_empty_space height=&#8221;12px&#8221;][vc_btn title=&#8221;Puna e Realizuar&#8221; style=&#8221;custom&#8221; custom_background=&#8221;#dd9933&#8243; custom_text=&#8221;#ffffff&#8221; shape=&#8221;square&#8221; align=&#8221;center&#8221;&hellip;<\/p>\n","protected":false},"author":1,"featured_media":0,"parent":0,"menu_order":0,"comment_status":"closed","ping_status":"closed","template":"","meta":{"footnotes":""},"class_list":["post-344","page","type-page","status-publish","hentry","description-off"],"_links":{"self":[{"href":"https:\/\/marko2.al\/index.php\/wp-json\/wp\/v2\/pages\/344","targetHints":{"allow":["GET"]}}],"collection":[{"href":"https:\/\/marko2.al\/index.php\/wp-json\/wp\/v2\/pages"}],"about":[{"href":"https:\/\/marko2.al\/index.php\/wp-json\/wp\/v2\/types\/page"}],"author":[{"embeddable":true,"href":"https:\/\/marko2.al\/index.php\/wp-json\/wp\/v2\/users\/1"}],"replies":[{"embeddable":true,"href":"https:\/\/marko2.al\/index.php\/wp-json\/wp\/v2\/comments?post=344"}],"version-history":[{"count":3,"href":"https:\/\/marko2.al\/index.php\/wp-json\/wp\/v2\/pages\/344\/revisions"}],"predecessor-version":[{"id":1136,"href":"https:\/\/marko2.al\/index.php\/wp-json\/wp\/v2\/pages\/344\/revisions\/1136"}],"wp:attachment":[{"href":"https:\/\/marko2.al\/index.php\/wp-json\/wp\/v2\/media?parent=344"}],"curies":[{"name":"wp","href":"https:\/\/api.w.org\/{rel}","templated":true}]}}