{"id":43,"date":"2019-07-05T12:32:18","date_gmt":"2019-07-05T12:32:18","guid":{"rendered":"https:\/\/marko2.al\/?page_id=43"},"modified":"2025-11-20T16:54:38","modified_gmt":"2025-11-20T16:54:38","slug":"rreth-nesh","status":"publish","type":"page","link":"https:\/\/marko2.al\/index.php\/rreth-nesh\/","title":{"rendered":"RRETH NESH"},"content":{"rendered":"<div class=\"wpb-content-wrapper\"><p>[vc_row][vc_column width=&#8221;1\/4&#8243;][vc_custom_heading text=&#8221;&#8220;Marko 2&#8220;&#8221; font_container=&#8221;tag:h2|font_size:52|text_align:center&#8221; google_fonts=&#8221;font_family:Satisfy%3Aregular|font_style:400%20regular%3A400%3Anormal&#8221;][vc_separator color=&#8221;custom&#8221; border_width=&#8221;2&#8243; el_width=&#8221;20&#8243; accent_color=&#8221;#f8860f&#8221;][vc_single_image image=&#8221;67&#8243; img_size=&#8221;full&#8221;][\/vc_column][vc_column width=&#8221;3\/4&#8243;][vc_column_text]<\/p>\n<p style=\"text-align: justify;\"><span style=\"color: #333333;\">Marko 2 \u00ebsht\u00eb nj\u00eb kompani nd\u00ebrtimi me nj\u00eb reputacion t\u00eb gjer\u00eb dhe t\u00eb shk\u00eblqyer, i nd\u00ebrtuar mbi vlerat e ekselenc\u00ebs dhe integritetit t\u00eb testuar nd\u00ebr vite.<\/span><\/p>\n<p style=\"text-align: justify;\"><span style=\"color: #333333;\">Gjat\u00eb viteve, Marko 2 ka p\u00ebrfunduar projekte t\u00eb shumta n\u00eb fush\u00ebn e nd\u00ebrtimeve civile dhe industriale, si\u00e7 jan\u00eb godinat rezidenciale, nd\u00ebrtime industriale dhe infrastruktur\u00eb, qendra sociale dhe kulturore, n\u00eb bashk\u00ebpunim me kompani t\u00eb ndryshme prestigjoze n\u00eb Shqip\u00ebri.<\/span><\/p>\n<p>[\/vc_column_text][vc_custom_heading text=&#8221;Si filloi !&#8221; font_container=&#8221;tag:h2|font_size:42|text_align:center&#8221; google_fonts=&#8221;font_family:Satisfy%3Aregular|font_style:400%20regular%3A400%3Anormal&#8221;][vc_separator color=&#8221;custom&#8221; border_width=&#8221;2&#8243; el_width=&#8221;20&#8243; accent_color=&#8221;#f8860f&#8221;][vc_column_text]<\/p>\n<p style=\"text-align: jusify;\"><span style=\"color: #333333;\">E themeluar n\u00eb vitin 2002, fillimisht si nj\u00eb biznes individual, i fokusuar n\u00eb nd\u00ebrtimin dhe rikonstruksionin e nd\u00ebrtesave t\u00eb banimit dhe tregtimin e materialeve t\u00eb nd\u00ebrtimit, Marko 2 \u00ebsht\u00eb zhvilluar me shpejt\u00ebsi dhe sh\u00ebndruar n\u00eb nj\u00eb kompani ambicioze q\u00eb ofron pun\u00eb cil\u00ebsore duke qen\u00eb nj\u00ebkoh\u00ebsisht inovative, e besueshme dhe e p\u00ebrkushtuar ndaj ekselenc\u00ebs.<\/span><\/p>\n<p>[\/vc_column_text][\/vc_column][\/vc_row][vc_row][vc_column offset=&#8221;vc_hidden-sm vc_hidden-xs&#8221;][vc_custom_heading text=&#8221;Misioni&#8221; font_container=&#8221;tag:h2|font_size:35|text_align:left&#8221; google_fonts=&#8221;font_family:Satisfy%3Aregular|font_style:400%20regular%3A400%3Anormal&#8221;][vc_column_text]<\/p>\n<p style=\"text-align: jusify;\"><span style=\"color: #333333;\">Kompania jon\u00eb synon t\u00eb p\u00ebrfundoj\u00eb \u00e7do projekt n\u00eb m\u00ebnyr\u00eb inovative dhe me kosto efektive, me standarde t\u00eb larta t\u00eb cil\u00ebsis\u00eb, p\u00ebr profitin dhe m\u00eb t\u00eb mir\u00ebn e klient\u00ebve tan\u00eb, bashk\u00ebpun\u00ebtor\u00ebve dhe komuniteteve ku veprojm\u00eb.<\/span><\/p>\n<p>[\/vc_column_text][vc_custom_heading text=&#8221;Vizioni&#8221; font_container=&#8221;tag:h2|font_size:35|text_align:left&#8221; google_fonts=&#8221;font_family:Satisfy%3Aregular|font_style:400%20regular%3A400%3Anormal&#8221;][vc_column_text]<\/p>\n<p style=\"text-align: jusify;\"><span style=\"color: #333333;\">Marko 2 p\u00ebrpiqet t\u00eb ruaj\u00eb nivelin m\u00eb t\u00eb lart\u00eb t\u00eb profesionalizmit dhe integritetit n\u00eb marr\u00ebdh\u00ebniet e tij me klient\u00ebt, bashk\u00ebpun\u00ebtor\u00ebt dhe punonj\u00ebsit.<\/span><\/p>\n<p>[\/vc_column_text][\/vc_column][\/vc_row][vc_row][vc_column offset=&#8221;vc_hidden-lg vc_hidden-md&#8221;][vc_custom_heading text=&#8221;Misioni&#8221; font_container=&#8221;tag:h2|font_size:35|text_align:center&#8221; google_fonts=&#8221;font_family:Satisfy%3Aregular|font_style:400%20regular%3A400%3Anormal&#8221;][vc_column_text]<\/p>\n<p style=\"text-align: jusify;\"><span style=\"color: #333333;\">Kompania jon\u00eb synon t\u00eb p\u00ebrfundoj\u00eb \u00e7do projekt n\u00eb m\u00ebnyr\u00eb inovative dhe me kosto efektive, me standarde t\u00eb larta t\u00eb cil\u00ebsis\u00eb, p\u00ebr profitin dhe m\u00eb t\u00eb mir\u00ebn e klient\u00ebve tan\u00eb, bashk\u00ebpun\u00ebtor\u00ebve dhe komuniteteve ku veprojm\u00eb.<\/span><\/p>\n<p>[\/vc_column_text][vc_custom_heading text=&#8221;Vizioni&#8221; font_container=&#8221;tag:h2|font_size:35|text_align:center&#8221; google_fonts=&#8221;font_family:Satisfy%3Aregular|font_style:400%20regular%3A400%3Anormal&#8221;][vc_column_text]<\/p>\n<p style=\"text-align: jusify;\"><span style=\"color: #333333;\">Marko 2 p\u00ebrpiqet t\u00eb ruaj\u00eb nivelin m\u00eb t\u00eb lart\u00eb t\u00eb profesionalizmit dhe integritetit n\u00eb marr\u00ebdh\u00ebniet e tij me klient\u00ebt, bashk\u00ebpun\u00ebtor\u00ebt dhe punonj\u00ebsit.<\/span><\/p>\n<p>[\/vc_column_text][\/vc_column][\/vc_row][vc_row full_width=&#8221;stretch_row&#8221; css=&#8221;.vc_custom_1562330190512{background-color: #f2f2f2 !important;}&#8221;][vc_column width=&#8221;1\/3&#8243;]<div class=\"stats-block stats-top  \"><div class=\"aio-icon-top\"><div class=\"ult-just-icon-wrapper  \"><div class=\"align-icon\" style=\"text-align:center;\"><\/div><\/div><\/div><div class=\"stats-desc\" id=\"counter-responsv-wrap-1930\"><div id=\"counter_274566324969df757566832\" data-id=\"counter_274566324969df757566832\"  data-ultimate-target='#counter-responsv-wrap-1930 .stats-number'  data-responsive-json-new='{\"font-size\":\"desktop:55px;\",\"line-height\":\"\"}'  class=\"stats-number ult-responsive\" style=\" color:#333333; color:#f8860f;\" data-speed=\"3\" data-counter-value=\"135\" data-separator=\",\" data-decimal=\".\">0<\/div><div id=\"title-counter_274566324969df757566832\"  data-ultimate-target='#counter-responsv-wrap-1930 .stats-text'  data-responsive-json-new='{\"font-size\":\"desktop:23px;\",\"line-height\":\"\"}'  class=\"stats-text ult-responsive\" style=\"font-size:px; color:#333333; \">Projekte n\u00eb Total<\/div><\/div><\/div>[\/vc_column][vc_column width=&#8221;1\/3&#8243;]<div class=\"stats-block stats-top  \"><div class=\"aio-icon-top\"><div class=\"ult-just-icon-wrapper  \"><div class=\"align-icon\" style=\"text-align:center;\"><\/div><\/div><\/div><div class=\"stats-desc\" id=\"counter-responsv-wrap-6612\"><div id=\"counter_272534648769df757566917\" data-id=\"counter_272534648769df757566917\"  data-ultimate-target='#counter-responsv-wrap-6612 .stats-number'  data-responsive-json-new='{\"font-size\":\"desktop:55px;\",\"line-height\":\"\"}'  class=\"stats-number ult-responsive\" style=\" color:#333333; color:#f8860f;\" data-speed=\"3\" data-counter-value=\"120\" data-separator=\",\" data-decimal=\".\">0<\/div><div id=\"title-counter_272534648769df757566917\"  data-ultimate-target='#counter-responsv-wrap-6612 .stats-text'  data-responsive-json-new='{\"font-size\":\"desktop:23px;\",\"line-height\":\"\"}'  class=\"stats-text ult-responsive\" style=\"font-size:px; color:#333333; \">T\u00eb P\u00ebrfunduar<\/div><\/div><\/div>[\/vc_column][vc_column width=&#8221;1\/3&#8243;]<div class=\"stats-block stats-top  \"><div class=\"aio-icon-top\"><div class=\"ult-just-icon-wrapper  \"><div class=\"align-icon\" style=\"text-align:center;\"><\/div><\/div><\/div><div class=\"stats-desc\" id=\"counter-responsv-wrap-1954\"><div id=\"counter_112530491069df7575669e9\" data-id=\"counter_112530491069df7575669e9\"  data-ultimate-target='#counter-responsv-wrap-1954 .stats-number'  data-responsive-json-new='{\"font-size\":\"desktop:55px;\",\"line-height\":\"\"}'  class=\"stats-number ult-responsive\" style=\" color:#333333; color:#f8860f;\" data-speed=\"3\" data-counter-value=\"15\" data-separator=\",\" data-decimal=\".\">0<\/div><div id=\"title-counter_112530491069df7575669e9\"  data-ultimate-target='#counter-responsv-wrap-1954 .stats-text'  data-responsive-json-new='{\"font-size\":\"desktop:23px;\",\"line-height\":\"\"}'  class=\"stats-text ult-responsive\" style=\"font-size:px; color:#333333; \">N\u00eb Zhvillim<\/div><\/div><\/div>[\/vc_column][\/vc_row][vc_row][vc_column width=&#8221;1\/2&#8243;][vc_single_image image=&#8221;66&#8243; img_size=&#8221;full&#8221;][\/vc_column][vc_column width=&#8221;1\/2&#8243;][vc_custom_heading text=&#8221;Siguria Dhe Sh\u00ebndeti !&#8221; font_container=&#8221;tag:h2|font_size:42|text_align:center&#8221; google_fonts=&#8221;font_family:Satisfy%3Aregular|font_style:400%20regular%3A400%3Anormal&#8221;][vc_separator color=&#8221;custom&#8221; border_width=&#8221;2&#8243; el_width=&#8221;20&#8243; accent_color=&#8221;#f8860f&#8221;][vc_column_text]<\/p>\n<p style=\"text-align: jusify;\"><span style=\"color: #333333;\">Ne vler\u00ebsojm\u00eb r\u00ebnd\u00ebsin\u00eb dhe nevoj\u00ebn e p\u00ebrgjegj\u00ebsis\u00eb sociale dhe respektimin e rregullave, ku parimi kryesor \u00ebsht\u00eb siguria dhe sh\u00ebndeti n\u00eb pun\u00eb. Kujdesemi dhe monitorojm\u00eb n\u00eb m\u00ebnyr\u00eb t\u00eb vazhdueshme sigurin\u00eb e punonj\u00ebsve tan\u00eb ndaj rreziqeve t\u00eb pun\u00ebs n\u00eb terren.<\/span><\/p>\n<p>[\/vc_column_text][\/vc_column][\/vc_row][vc_row][vc_column][vc_empty_space][\/vc_column][\/vc_row][vc_row][vc_column][vc_media_grid element_width=&#8221;2&#8243; grid_id=&#8221;vc_gid:1763657644131-e62df0ba-0848-0&#8243; include=&#8221;68,65,64,58,57,81&#8243;][\/vc_column][\/vc_row]<\/p>\n<\/div>","protected":false},"excerpt":{"rendered":"<p>[vc_row][vc_column width=&#8221;1\/4&#8243;][vc_custom_heading text=&#8221;&#8220;Marko 2&#8220;&#8221; font_container=&#8221;tag:h2|font_size:52|text_align:center&#8221; google_fonts=&#8221;font_family:Satisfy%3Aregular|font_style:400%20regular%3A400%3Anormal&#8221;][vc_separator color=&#8221;custom&#8221; border_width=&#8221;2&#8243; el_width=&#8221;20&#8243; accent_color=&#8221;#f8860f&#8221;][vc_single_image image=&#8221;67&#8243; img_size=&#8221;full&#8221;][\/vc_column][vc_column width=&#8221;3\/4&#8243;][vc_column_text] Marko 2 \u00ebsht\u00eb nj\u00eb kompani nd\u00ebrtimi me nj\u00eb reputacion t\u00eb gjer\u00eb dhe t\u00eb shk\u00eblqyer, i nd\u00ebrtuar mbi vlerat e ekselenc\u00ebs dhe integritetit t\u00eb testuar nd\u00ebr vite. Gjat\u00eb viteve, Marko 2 ka p\u00ebrfunduar projekte t\u00eb shumta n\u00eb fush\u00ebn e nd\u00ebrtimeve civile dhe industriale,&hellip;<\/p>\n","protected":false},"author":1,"featured_media":0,"parent":0,"menu_order":0,"comment_status":"closed","ping_status":"closed","template":"","meta":{"footnotes":""},"class_list":["post-43","page","type-page","status-publish","hentry","description-off"],"_links":{"self":[{"href":"https:\/\/marko2.al\/index.php\/wp-json\/wp\/v2\/pages\/43","targetHints":{"allow":["GET"]}}],"collection":[{"href":"https:\/\/marko2.al\/index.php\/wp-json\/wp\/v2\/pages"}],"about":[{"href":"https:\/\/marko2.al\/index.php\/wp-json\/wp\/v2\/types\/page"}],"author":[{"embeddable":true,"href":"https:\/\/marko2.al\/index.php\/wp-json\/wp\/v2\/users\/1"}],"replies":[{"embeddable":true,"href":"https:\/\/marko2.al\/index.php\/wp-json\/wp\/v2\/comments?post=43"}],"version-history":[{"count":9,"href":"https:\/\/marko2.al\/index.php\/wp-json\/wp\/v2\/pages\/43\/revisions"}],"predecessor-version":[{"id":1074,"href":"https:\/\/marko2.al\/index.php\/wp-json\/wp\/v2\/pages\/43\/revisions\/1074"}],"wp:attachment":[{"href":"https:\/\/marko2.al\/index.php\/wp-json\/wp\/v2\/media?parent=43"}],"curies":[{"name":"wp","href":"https:\/\/api.w.org\/{rel}","templated":true}]}}